{"id":489,"date":"2016-11-16T14:29:05","date_gmt":"2016-11-16T07:29:05","guid":{"rendered":"http:\/\/germancenter.web4pro.info\/de\/?page_id=489"},"modified":"2024-04-22T17:22:45","modified_gmt":"2024-04-22T10:22:45","slug":"stellenangebote","status":"publish","type":"page","link":"https:\/\/ngoinhaducindanang.com.vn\/de\/kontakt\/stellenangebote\/","title":{"rendered":"Stellenangebote"},"content":{"rendered":"<div class=\"block-content\">\n<p><span style=\"font-size: 14px;\"><span style=\"font-size: 32px;\">D<\/span><\/span><span style=\"font-size: 14px;\">as Deutsche Sprachzentrum Ng\u00f4i Nh\u00e0 \u0110\u1ee9c in Danang sucht:<\/span><\/p>\n<ul>\n<li><span style=\"font-size: 14px;\">Vietnamesische Muttersprachler\/in mit sehr guten Deutschkenntnissen (C1) und Hochschulstudium Deutsch mit Abschluss in Vietnam (siehe <strong><a href=\"https:\/\/drive.google.com\/file\/d\/1fAGNqMov-M0Z56h6AWHs-zJqn02he6HP\/view?usp=sharing\" target=\"_blank\" rel=\"noopener\"><em><u>Stellenangebot<\/u><\/em><\/a><\/strong>)<\/span><\/li>\n<\/ul>\n<\/div>\n\n\n<p><\/p>\n","protected":false},"excerpt":{"rendered":"","protected":false},"author":1,"featured_media":425,"parent":194,"menu_order":0,"comment_status":"closed","ping_status":"closed","template":"","meta":{"footnotes":""},"_links":{"self":[{"href":"https:\/\/ngoinhaducindanang.com.vn\/de\/wp-json\/wp\/v2\/pages\/489"}],"collection":[{"href":"https:\/\/ngoinhaducindanang.com.vn\/de\/wp-json\/wp\/v2\/pages"}],"about":[{"href":"https:\/\/ngoinhaducindanang.com.vn\/de\/wp-json\/wp\/v2\/types\/page"}],"author":[{"embeddable":true,"href":"https:\/\/ngoinhaducindanang.com.vn\/de\/wp-json\/wp\/v2\/users\/1"}],"replies":[{"embeddable":true,"href":"https:\/\/ngoinhaducindanang.com.vn\/de\/wp-json\/wp\/v2\/comments?post=489"}],"version-history":[{"count":10,"href":"https:\/\/ngoinhaducindanang.com.vn\/de\/wp-json\/wp\/v2\/pages\/489\/revisions"}],"predecessor-version":[{"id":19548,"href":"https:\/\/ngoinhaducindanang.com.vn\/de\/wp-json\/wp\/v2\/pages\/489\/revisions\/19548"}],"up":[{"embeddable":true,"href":"https:\/\/ngoinhaducindanang.com.vn\/de\/wp-json\/wp\/v2\/pages\/194"}],"wp:featuredmedia":[{"embeddable":true,"href":"https:\/\/ngoinhaducindanang.com.vn\/de\/wp-json\/wp\/v2\/media\/425"}],"wp:attachment":[{"href":"https:\/\/ngoinhaducindanang.com.vn\/de\/wp-json\/wp\/v2\/media?parent=489"}],"curies":[{"name":"wp","href":"https:\/\/api.w.org\/{rel}","templated":true}]}}