{"id":472,"date":"2016-11-15T08:51:51","date_gmt":"2016-11-15T01:51:51","guid":{"rendered":"http:\/\/germancenter.web4pro.info\/de\/dang-ky-thi-tai-da-nang\/"},"modified":"2016-12-16T14:24:12","modified_gmt":"2016-12-16T07:24:12","slug":"dang-ky-thi-tai-da-nang","status":"publish","type":"page","link":"https:\/\/ngoinhaducindanang.com.vn\/de\/dang-ky-thi-tai-da-nang\/","title":{"rendered":"\u0110\u0103ng k\u00fd thi t\u1ea1i \u0110\u00e0 N\u1eb5ng"},"content":{"rendered":"<p><strong>\u0110\u0102NG K\u00dd THI T\u1ea0I \u0110\u00c0 N\u1eb4NG<\/strong><\/p>\n<p>Ch\u00e0o m\u1eebng b\u1ea1n \u0111\u1ebfn v\u1edbi Trung t\u00e2m \u0110\u1ee9c ng\u1eef Ng\u00f4i Nh\u00e0 \u0110\u1ee9c t\u1ea1i \u0110\u00e0 N\u1eb5ng!<\/p>\n<p>Ng\u00f4i Nh\u00e0 \u0110\u1ee9c h\u01b0\u1edbng d\u1eabn b\u1ea1n \u0111\u0103ng k\u00fd thi nh\u01b0 sau:<\/p>\n<ol>\n<li><strong> N\u1ed8I DUNG \u0110\u0102NG K\u00dd THI<\/strong><\/li>\n<\/ol>\n<p>B\u01b0\u1edbc 1: \u0110i\u1ec1n b\u1ea3ng \u0111\u0103ng k\u00fd b\u00ean d\u01b0\u1edbi:<\/p>\n<p>T\u1ea1i m\u1ee5c (1) c\u1ea7n ghi r\u00f5 H\u1ecd t\u00ean \u0111\u1ea7y \u0111\u1ee7 b\u1eb1ng ti\u1ebfng Vi\u1ec7 tc\u00f3 d\u1ea5u.<\/p>\n<p>T\u1ea1i (6) ghi r\u00f5 H\u1ecd t\u00ean, k\u1ef3thi SD1\/SD2\/B1 (n\u1ebfu thi B1 c\u1ea7n ghi r\u00f5 t\u00ean k\u1ef9 n\u0103ng) b\u1ea1n mu\u1ed1n d\u1ef1 thi.<\/p>\n<table width=\"979\">\n<tbody>\n<tr>\n<td width=\"118\">H\u1ecd v\u00e0 t\u00ean<\/td>\n<td width=\"201\">Ng\u00e0y th\u00e1ng n\u0103m sinh<\/td>\n<td width=\"84\">N\u01a1i sinh<\/td>\n<td width=\"96\">Gi\u1edbi t\u00ednh<\/td>\n<td width=\"120\">S\u1ed1 H\u1ed9 chi\u1ebfu<\/td>\n<td width=\"120\">SD1\/SD2\/B1<\/td>\n<td width=\"90\">Ng\u00e0y thi<\/td>\n<td width=\"150\">\u0110i\u1ec7n tho\u1ea1i,\u00a0 E-mail<\/td>\n<\/tr>\n<tr>\n<td width=\"118\">(1)<\/td>\n<td width=\"201\">(2)<\/td>\n<td width=\"84\">(3)<\/td>\n<td width=\"96\">(4)<\/td>\n<td width=\"120\">(5)<\/td>\n<td width=\"120\">(6)<\/td>\n<td width=\"90\">(7)<\/td>\n<td width=\"150\">(8)<\/td>\n<\/tr>\n<tr>\n<td width=\"118\">&nbsp;<\/td>\n<td width=\"201\">&nbsp;<\/td>\n<td width=\"84\">&nbsp;<\/td>\n<td width=\"96\">&nbsp;<\/td>\n<td width=\"120\">&nbsp;<\/td>\n<td width=\"120\">&nbsp;<\/td>\n<td width=\"90\">&nbsp;<\/td>\n<td width=\"150\">&nbsp;<\/td>\n<\/tr>\n<\/tbody>\n<\/table>\n<p>B\u01b0\u1edbc 2: G\u1eedi b\u1ea3ng \u0111\u0103ng k\u00fd qua E-mail theo \u0111\u1ecba ch\u1ec9 <a href=\"mailto:dangkythidanang@gmail.com\"><strong>dangkythidanang@gmail.com<\/strong><\/a>, kh\u00f4ng g\u1eedi v\u00e0o \u0111\u1ecba ch\u1ec9 <strong>ngoinhaducindanang@gmail.com<\/strong><\/p>\n<p>B\u01b0\u1edbc 3: Th\u00ed sinh s\u1ebd nh\u1eadn \u0111\u01b0\u1ee3c h\u01b0\u1edbng d\u1eabn ti\u1ebfp theo qua E-Mail t\u1eeb Trung t\u00e2m cho vi\u1ec7c n\u1ed9p l\u1ec7 ph\u00ed thi (N\u1ebfu Email \u0111\u0103ng k\u00fd d\u1ef1 thi th\u00e0nh c\u00f4ng)<\/p>\n<ol>\n<li><strong> L\u01afU \u00dd<\/strong><\/li>\n<\/ol>\n<p>C\u00e1c th\u00f4ng tin li\u00ean quan \u0111\u1ebfn k\u1ef3 thi (th\u1eddi gian thi, k\u1ebft qu\u1ea3 thi, nh\u1eadn v\u0103n b\u1eb1ng) s\u1ebd \u0111\u01b0\u1ee3c th\u00f4ng b\u00e1o \u0111\u1ebfn th\u00ed <strong>sinh theo \u0111\u1ecba ch\u1ec9 do th\u00ed sinh \u0111\u0103ng k\u00fd t\u1ea1i m\u1ee5c (8).<\/strong><\/p>\n<p>Th\u00ed sinh s\u1eed d\u1ee5ngH\u1ed9 chi\u1ebfu c\u00f2n hi\u1ec7u l\u1ef1c \u0111\u1ec3 d\u1ef1 thi. (<strong>Th\u00ed sinh mang theo H\u1ed9 chi\u1ebfu b\u1ea3n g\u1ed1c v\u00e0 01 b\u1ea3n photocopy trang h\u1ed9 chi\u1ebfu c\u00f3 d\u00e1n \u1ea3nh<br \/>\n\u0111\u1ec3 t\u1edbi d\u1ef1 thi<\/strong>)<\/p>\n<p>Th\u00f4ng tin th\u00ed sinh \u0111\u0103ng k\u00fd trong b\u1ea3ng ph\u1ea3i tr\u00f9ng kh\u1edbp v\u1edbi th\u00f4ng tin c\u00f3 trong H\u1ed9 chi\u1ebfu c\u1ee7a th\u00ed sinh. Do \u0111\u00f3 \u0111\u1ec1 ngh\u1ecb th\u00ed sinh ki\u1ec3m tra l\u1ea1i c\u00e1c th\u00f4ng tin tr\u01b0\u1edbc khi g\u1eedi E-mail \u0111\u0103ng k\u00fd.<\/p>\n<p>Tr\u01b0\u1eddng h\u1ee3p th\u00f4ng tin \u0111\u0103ng k\u00fd kh\u00f4ng \u0111\u1ed3ng nh\u1ea5t v\u1edbi th\u00f4ng tin c\u00f3 trong H\u1ed9 chi\u1ebfu, th\u00ed sinh m\u1ea5t quy\u1ec1n d\u1ef1 thi.<\/p>\n<p><strong>Sau khi \u0111\u00e3 th\u1ef1c hi\u1ec7n chuy\u1ec3n kho\u1ea3n, l\u1ec7 ph\u00ed thi kh\u00f4ng \u0111\u01b0\u1ee3c ho\u00e0n l\u1ea1i trong m\u1ecdi tr\u01b0\u1eddng h\u1ee3p.<\/strong><\/p>\n","protected":false},"excerpt":{"rendered":"<p>\u0110\u0102NG K\u00dd THI T\u1ea0I \u0110\u00c0 N\u1eb4NG Ch\u00e0o m\u1eebng b\u1ea1n \u0111\u1ebfn v\u1edbi Trung t\u00e2m \u0110\u1ee9c ng\u1eef Ng\u00f4i Nh\u00e0 \u0110\u1ee9c t\u1ea1i \u0110\u00e0 N\u1eb5ng! Ng\u00f4i Nh\u00e0 \u0110\u1ee9c h\u01b0\u1edbng &hellip; <a href=\"https:\/\/ngoinhaducindanang.com.vn\/de\/dang-ky-thi-tai-da-nang\/\">Continued<\/a><\/p>\n","protected":false},"author":1,"featured_media":398,"parent":0,"menu_order":0,"comment_status":"closed","ping_status":"closed","template":"","meta":{"footnotes":""},"_links":{"self":[{"href":"https:\/\/ngoinhaducindanang.com.vn\/de\/wp-json\/wp\/v2\/pages\/472"}],"collection":[{"href":"https:\/\/ngoinhaducindanang.com.vn\/de\/wp-json\/wp\/v2\/pages"}],"about":[{"href":"https:\/\/ngoinhaducindanang.com.vn\/de\/wp-json\/wp\/v2\/types\/page"}],"author":[{"embeddable":true,"href":"https:\/\/ngoinhaducindanang.com.vn\/de\/wp-json\/wp\/v2\/users\/1"}],"replies":[{"embeddable":true,"href":"https:\/\/ngoinhaducindanang.com.vn\/de\/wp-json\/wp\/v2\/comments?post=472"}],"version-history":[{"count":2,"href":"https:\/\/ngoinhaducindanang.com.vn\/de\/wp-json\/wp\/v2\/pages\/472\/revisions"}],"predecessor-version":[{"id":561,"href":"https:\/\/ngoinhaducindanang.com.vn\/de\/wp-json\/wp\/v2\/pages\/472\/revisions\/561"}],"wp:featuredmedia":[{"embeddable":true,"href":"https:\/\/ngoinhaducindanang.com.vn\/de\/wp-json\/wp\/v2\/media\/398"}],"wp:attachment":[{"href":"https:\/\/ngoinhaducindanang.com.vn\/de\/wp-json\/wp\/v2\/media?parent=472"}],"curies":[{"name":"wp","href":"https:\/\/api.w.org\/{rel}","templated":true}]}}