{"id":332,"date":"2016-11-04T10:39:34","date_gmt":"2016-11-04T03:39:34","guid":{"rendered":"http:\/\/germancenter.web4pro.info\/de\/?page_id=332"},"modified":"2025-12-25T15:54:00","modified_gmt":"2025-12-25T08:54:00","slug":"formular-zur-pruefungsanmeldung","status":"publish","type":"page","link":"https:\/\/ngoinhaducindanang.com.vn\/de\/anmeldung\/formular-zur-pruefungsanmeldung\/","title":{"rendered":"Formular zur Pr\u00fcfungsanmeldung"},"content":{"rendered":"<p style=\"text-align: justify;\"><strong><span style=\"font-size: 14px;\">I.\u00a0<\/span><\/strong><strong>In der Anmeldung stehen folgende Angaben:<\/strong><\/p>\n<ul>\n<li><span style=\"font-size: 16px; color: #3366ff;\">Bitte vollst\u00e4ndigen Namen angeben.<\/span><\/li>\n<li><span style=\"color: #3366ff; font-size: 16px;\">Geburtsort, Geburtsdatum, Geschlecht und Passnummer<\/span><\/li>\n<li><span style=\"color: #3366ff; font-size: 16px;\">Angabe der Pr\u00fcfung\u00a0<strong>A1\/A2\/B1\/B2<\/strong>, an der Sie teilnehmen m\u00f6chten (bei B1\/B2 bitte konkrete Fertigkeiten angeben).<\/span><\/li>\n<li><span style=\"color: #3366ff; font-size: 16px;\">Pr\u00fcfungsdatum<\/span><\/li>\n<li><span style=\"color: #3366ff; font-size: 16px;\">Telefonnummer und Email-Adresse<\/span><\/li>\n<\/ul>\n<p style=\"text-align: justify;\">Alle Personenangaben m\u00fcssen mit denen auf Ihrem Reisepass exakt \u00fcbereinstimmen. \u00dcberpr\u00fcfen Sie daher bitte vor dem Absenden noch einmal die eingegebenen Daten. Falls die abgeschickten Personenangaben nicht mit denen auf Ihrem Reisepass \u00fcbereinstimmen, d\u00fcrfen Sie nicht an der Pr\u00fcfung teilnehmen.<\/p>\n<p><strong>II. So schicken Sie Ihre Anmeldung ab!<\/strong><\/p>\n<ul>\n<li><span style=\"color: #3366ff;\">Klicken Sie den Link des Monats, in dem Sie Pr\u00fcfung ablegen wollen.<\/span><\/li>\n<li><span style=\"color: #3366ff;\">F\u00fcllen Sie weiterhin das Formular vollst\u00e4ndig aus. <\/span><\/li>\n<\/ul>\n<p style=\"text-align: justify;\">Nach dem Abschicken Ihrer Anmeldung erhalten Sie einen von Ihnen ausgef\u00fcllten Antwortbogen automatisch.<\/p>\n<p style=\"text-align: justify;\">Innerhalb von 2-3 Werktagen nach dem Eingang Ihrer Anmeldung erhalten Sie von uns eine Best\u00e4tigung und Hinweise zur Zahlung der Pr\u00fcfungsgeb\u00fchren per E-Mail.<\/p>\n<p><strong>Warnhinweis:<\/strong> <strong><span style=\"color: #ff00ff;\">Die einzige E-Mail-Adresse zur Pr\u00fcfungsanmeldung ist<\/span><\/strong> <span style=\"color: #0000ff;\"><strong><a style=\"color: #0000ff;\" href=\"mailto:dangkythidanang@gmail.com\">dangkythidanang@gmail.com.<\/a><\/strong><\/span><strong>\u00a0<\/strong><\/p>\n<p><strong>III. Hier finden Sie den passenden Link zur Pr\u00fcfungsanmeldung (auf Vietnamesisch)<\/strong><\/p>\n<p><span style=\"color: #0000ff; font-size: 16px;\"><b>Pr\u00fcfungsanmeldung Januar 2026<\/b><\/span><\/p>\n<p><span style=\"color: #ff0000; font-size: 16px;\"><strong><span style=\"font-size: 16px;\"><b>Februar 2026<\/b><\/span>: Tetferien-Pause<\/strong><\/span><\/p>\n<p><span style=\"font-size: 16px;\"><b><span style=\"color: #0000ff;\">Pr\u00fcfungsanmeldung M\u00e4rz 2026<\/span><\/b><\/span><\/p>\n<p><span style=\"color: #0000ff; font-size: 16px;\"><b>Pr\u00fcfungsanmeldung April 2026<\/b><\/span><\/p>\n<p><span style=\"font-size: 16px;\"><b><span style=\"color: #0000ff;\">Pr\u00fcfungsanmeldung Mai 2026<\/span><\/b><\/span><\/p>\n<p><span style=\"font-size: 16px;\"><b><span style=\"color: #0000ff;\">Pr\u00fcfungsanmeldung Juni 2026<\/span><\/b><\/span><\/p>\n<p><span style=\"color: #0000ff; font-size: 16px;\"><strong>Juli 2026: Sommerpause<\/strong><\/span><\/p>\n<p><span style=\"color: #0000ff; font-size: 16px;\"><strong>August 2026: Sommerpause<\/strong><\/span><\/p>\n<p><span style=\"font-size: 16px; color: #0000ff;\"><b>Pr\u00fcfungsanmeldung September 2026<\/b><\/span><\/p>\n<p><span style=\"font-size: 16px; color: #0000ff;\"><b>Pr\u00fcfungsanmeldung Oktober 2026<\/b><\/span><\/p>\n<p><span style=\"font-size: 16px; color: #0000ff;\"><b>Pr\u00fcfungsanmeldung November 2026<\/b><\/span><\/p>\n<p><span style=\"font-size: 16px; color: #0000ff;\"><b>Pr\u00fcfungsanmeldung Dezember 2026<\/b><\/span><\/p>\n<p><strong>IV. Bitte beachten Sie:<\/strong><\/p>\n<ul>\n<li><span style=\"color: #ff0000;\">Jede Anmeldung wird nur einmal entgegengenommen<\/span>. Beim zweiten Versuch lehnt das System ab.<\/li>\n<li>Falls die Angaben nicht korrekt sind, wird die Anmeldung storniert.<\/li>\n<li>Informationen bez\u00fcglich der Pr\u00fcfung (Pr\u00fcfungstermin, Ergebnisse, Zertifikats\u00fcbergabe) werden an die von Ihnen angegebene Email-Adresse geschickt.<\/li>\n<li>Ihr Reisepass muss zum Zeitpunkt des Pr\u00fcfungstermins noch g\u00fcltig sein.\u00a0<span style=\"color: #ff0000;\">(<strong>Zur Pr\u00fcfung bringen Sie bitte Ihren Reisepass im Original und eine Kopie der Lichtbildseite mit<\/strong>)<\/span>. Nach Eingang der Pr\u00fcfungsgeb\u00fchren auf unserem Konto ist <strong>eine Erstattung nicht m\u00f6glich.<\/strong><\/li>\n<\/ul>\n<p>Weitere Fragen zur Pr\u00fcfung senden Sie bitte an <strong><span style=\"color: #0000ff;\">dangkythidanang@gmail.com<\/span><\/strong> zu.<\/p>\n","protected":false},"excerpt":{"rendered":"<p>I.\u00a0In der Anmeldung stehen folgende Angaben: Bitte vollst\u00e4ndigen Namen angeben. Geburtsort, Geburtsdatum, Geschlecht und Passnummer Angabe der Pr\u00fcfung\u00a0A1\/A2\/B1\/B2, an der Sie teilnehmen m\u00f6chten (bei B1\/B2 &hellip; <a href=\"https:\/\/ngoinhaducindanang.com.vn\/de\/anmeldung\/formular-zur-pruefungsanmeldung\/\">Continued<\/a><\/p>\n","protected":false},"author":1,"featured_media":396,"parent":215,"menu_order":1,"comment_status":"closed","ping_status":"closed","template":"","meta":{"footnotes":""},"_links":{"self":[{"href":"https:\/\/ngoinhaducindanang.com.vn\/de\/wp-json\/wp\/v2\/pages\/332"}],"collection":[{"href":"https:\/\/ngoinhaducindanang.com.vn\/de\/wp-json\/wp\/v2\/pages"}],"about":[{"href":"https:\/\/ngoinhaducindanang.com.vn\/de\/wp-json\/wp\/v2\/types\/page"}],"author":[{"embeddable":true,"href":"https:\/\/ngoinhaducindanang.com.vn\/de\/wp-json\/wp\/v2\/users\/1"}],"replies":[{"embeddable":true,"href":"https:\/\/ngoinhaducindanang.com.vn\/de\/wp-json\/wp\/v2\/comments?post=332"}],"version-history":[{"count":11,"href":"https:\/\/ngoinhaducindanang.com.vn\/de\/wp-json\/wp\/v2\/pages\/332\/revisions"}],"predecessor-version":[{"id":21103,"href":"https:\/\/ngoinhaducindanang.com.vn\/de\/wp-json\/wp\/v2\/pages\/332\/revisions\/21103"}],"up":[{"embeddable":true,"href":"https:\/\/ngoinhaducindanang.com.vn\/de\/wp-json\/wp\/v2\/pages\/215"}],"wp:featuredmedia":[{"embeddable":true,"href":"https:\/\/ngoinhaducindanang.com.vn\/de\/wp-json\/wp\/v2\/media\/396"}],"wp:attachment":[{"href":"https:\/\/ngoinhaducindanang.com.vn\/de\/wp-json\/wp\/v2\/media?parent=332"}],"curies":[{"name":"wp","href":"https:\/\/api.w.org\/{rel}","templated":true}]}}