{"id":329,"date":"2016-10-29T16:14:43","date_gmt":"2016-10-29T16:14:43","guid":{"rendered":"http:\/\/germancenter.web4pro.info\/de\/anmeldung\/dang-ky-nhap-hoc\/"},"modified":"2016-11-16T14:24:07","modified_gmt":"2016-11-16T07:24:07","slug":"formular-zur-einschreibung","status":"publish","type":"page","link":"https:\/\/ngoinhaducindanang.com.vn\/de\/anmeldung\/formular-zur-einschreibung\/","title":{"rendered":"Formular zur Einschreibung"},"content":{"rendered":"<div role=\"form\" class=\"wpcf7\" id=\"wpcf7-f328-o1\" lang=\"vi\" dir=\"ltr\">\n<div class=\"screen-reader-response\"><\/div>\n<form action=\"\/de\/wp-json\/wp\/v2\/pages\/329#wpcf7-f328-o1\" method=\"post\" class=\"wpcf7-form\" novalidate=\"novalidate\">\n<div style=\"display: none;\">\n<input type=\"hidden\" name=\"_wpcf7\" value=\"328\" \/>\n<input type=\"hidden\" name=\"_wpcf7_version\" value=\"4.6\" \/>\n<input type=\"hidden\" name=\"_wpcf7_locale\" value=\"vi\" \/>\n<input type=\"hidden\" name=\"_wpcf7_unit_tag\" value=\"wpcf7-f328-o1\" \/>\n<input type=\"hidden\" name=\"_wpnonce\" value=\"d5fc1f5098\" \/>\n<\/div>\n<div class=\"aps-contact-form\">\n<h2>Formular zur Einschreibung<\/h3>\n<div class=\"field-group\">\n<label>Vollst\u00e4ndiger Name (*)<\/label><span class=\"wpcf7-form-control-wrap your-name\"><input type=\"text\" name=\"your-name\" value=\"\" size=\"40\" class=\"wpcf7-form-control wpcf7-text wpcf7-validates-as-required\" aria-required=\"true\" aria-invalid=\"false\" \/><\/span>\n<\/div>\n<div class=\"field-group\">\n<div class=\"field\"><label>Geburtsdatum (*)<\/label><span class=\"wpcf7-form-control-wrap your-birth\"><input type=\"text\" name=\"your-birth\" value=\"\" size=\"40\" class=\"wpcf7-form-control wpcf7-text wpcf7-validates-as-required\" aria-required=\"true\" aria-invalid=\"false\" placeholder=\"dd\/mm\/yyyy\" \/><\/span><\/div>\n<div class=\"field\"><label>Geburtsort (*)<\/label><span class=\"wpcf7-form-control-wrap your-birth-place\"><input type=\"text\" name=\"your-birth-place\" value=\"\" size=\"40\" class=\"wpcf7-form-control wpcf7-text wpcf7-validates-as-required\" aria-required=\"true\" aria-invalid=\"false\" \/><\/span><\/div>\n<\/div>\n<div class=\"field-group\">\n<div class=\"field\"><label>Reisepass (*)<\/label><span class=\"wpcf7-form-control-wrap your-pid\"><input type=\"text\" name=\"your-pid\" value=\"\" size=\"40\" class=\"wpcf7-form-control wpcf7-text wpcf7-validates-as-required\" aria-required=\"true\" aria-invalid=\"false\" \/><\/span><\/div>\n<div class=\"field\"><label>Geschlecht (*)<\/label><span class=\"wpcf7-form-control-wrap your-sex\"><select name=\"your-sex\" class=\"wpcf7-form-control wpcf7-select wpcf7-validates-as-required\" aria-required=\"true\" aria-invalid=\"false\"><option value=\"m\u00e4nnlich\">m\u00e4nnlich<\/option><option value=\"weiblich\">weiblich<\/option><\/select><\/span><\/div>\n<\/div>\n<div class=\"field-group\">\n<label>Kurs (*)<\/label><span class=\"wpcf7-form-control-wrap your-course\"><input type=\"text\" name=\"your-course\" value=\"\" size=\"40\" class=\"wpcf7-form-control wpcf7-text wpcf7-validates-as-required\" aria-required=\"true\" aria-invalid=\"false\" \/><\/span>\n<\/div>\n<div class=\"field-group\">\n<div class=\"field\"><label>Telefon (*)<\/label><span class=\"wpcf7-form-control-wrap your-tel\"><input type=\"tel\" name=\"your-tel\" value=\"\" size=\"40\" class=\"wpcf7-form-control wpcf7-text wpcf7-tel wpcf7-validates-as-required wpcf7-validates-as-tel\" aria-required=\"true\" aria-invalid=\"false\" \/><\/span><\/div>\n<div class=\"field\"><label>E-Mail (*)<\/label><span class=\"wpcf7-form-control-wrap your-email\"><input type=\"email\" name=\"your-email\" value=\"\" size=\"40\" class=\"wpcf7-form-control wpcf7-text wpcf7-email wpcf7-validates-as-required wpcf7-validates-as-email\" aria-required=\"true\" aria-invalid=\"false\" \/><\/span><\/div>\n<\/div>\n<div class=\"field-group group-submit\">\n<div class=\"field\"><label>Text (*)<\/label><span class=\"wpcf7-form-control-wrap your-message\"><textarea name=\"your-message\" cols=\"40\" rows=\"10\" class=\"wpcf7-form-control wpcf7-textarea wpcf7-validates-as-required\" aria-required=\"true\" aria-invalid=\"false\"><\/textarea><\/span><\/div>\n<div class=\"field\"><input type=\"submit\" value=\"Absenden\" class=\"wpcf7-form-control wpcf7-submit\" \/><\/div>\n<\/div>\n<p><input type=\"hidden\" name=\"your-subject\" value=\"Visitor \u0111\u0103ng k\u00fd nh\u1eadp h\u1ecdc t\u1eeb website\"><span class=\"wpcf7-form-control-wrap aps-germancenter-742-wrap\" style=\"display:none !important; visibility:hidden !important;\"><input class=\"wpcf7-form-control wpcf7-text\"  type=\"text\" name=\"aps-germancenter-742\" value=\"\" size=\"40\" tabindex=\"-1\" \/><span class=\"hp-message\">Please leave this field empty.<\/span><\/span>\n<\/div>\n<div class=\"wpcf7-response-output wpcf7-display-none\"><\/div><\/form><\/div>\n","protected":false},"excerpt":{"rendered":"","protected":false},"author":1,"featured_media":386,"parent":215,"menu_order":0,"comment_status":"closed","ping_status":"closed","template":"","meta":{"footnotes":""},"_links":{"self":[{"href":"https:\/\/ngoinhaducindanang.com.vn\/de\/wp-json\/wp\/v2\/pages\/329"}],"collection":[{"href":"https:\/\/ngoinhaducindanang.com.vn\/de\/wp-json\/wp\/v2\/pages"}],"about":[{"href":"https:\/\/ngoinhaducindanang.com.vn\/de\/wp-json\/wp\/v2\/types\/page"}],"author":[{"embeddable":true,"href":"https:\/\/ngoinhaducindanang.com.vn\/de\/wp-json\/wp\/v2\/users\/1"}],"replies":[{"embeddable":true,"href":"https:\/\/ngoinhaducindanang.com.vn\/de\/wp-json\/wp\/v2\/comments?post=329"}],"version-history":[{"count":1,"href":"https:\/\/ngoinhaducindanang.com.vn\/de\/wp-json\/wp\/v2\/pages\/329\/revisions"}],"predecessor-version":[{"id":331,"href":"https:\/\/ngoinhaducindanang.com.vn\/de\/wp-json\/wp\/v2\/pages\/329\/revisions\/331"}],"up":[{"embeddable":true,"href":"https:\/\/ngoinhaducindanang.com.vn\/de\/wp-json\/wp\/v2\/pages\/215"}],"wp:featuredmedia":[{"embeddable":true,"href":"https:\/\/ngoinhaducindanang.com.vn\/de\/wp-json\/wp\/v2\/media\/386"}],"wp:attachment":[{"href":"https:\/\/ngoinhaducindanang.com.vn\/de\/wp-json\/wp\/v2\/media?parent=329"}],"curies":[{"name":"wp","href":"https:\/\/api.w.org\/{rel}","templated":true}]}}