{"id":263,"date":"2016-11-01T23:20:56","date_gmt":"2016-11-01T16:20:56","guid":{"rendered":"http:\/\/localhost\/germancenter\/de\/?page_id=263"},"modified":"2024-04-23T14:45:15","modified_gmt":"2024-04-23T07:45:15","slug":"unsere-partner","status":"publish","type":"page","link":"https:\/\/ngoinhaducindanang.com.vn\/de\/informationen\/unsere-partner\/","title":{"rendered":"Unsere Partner"},"content":{"rendered":"<div class=\"block-content\">\n<p style=\"text-align: left;\"><span style=\"font-size: 32px;\">U<\/span><span style=\"font-size: 16px;\">nsere Partner: Goethe Institut Vietnam, Der Verlag Huber<\/span><\/p>\n<p style=\"text-align: center;\"><strong>GOETHE-INSTITUT VIETNAM<\/strong><\/p>\n<p style=\"text-align: center;\"><img loading=\"lazy\" decoding=\"async\" class=\"aligncenter wp-image-532 size-medium\" src=\"https:\/\/ngoinhaducindanang.com.vn\/wp-content\/uploads\/2016\/11\/GI_Pruefungszentrum_green_sRGB_2-e1480662784550-300x226.png\" width=\"300\" height=\"226\" srcset=\"https:\/\/ngoinhaducindanang.com.vn\/wp-content\/uploads\/2016\/11\/GI_Pruefungszentrum_green_sRGB_2-e1480662784550-300x226.png 300w, https:\/\/ngoinhaducindanang.com.vn\/wp-content\/uploads\/2016\/11\/GI_Pruefungszentrum_green_sRGB_2-e1480662784550.png 662w\" sizes=\"(max-width: 300px) 100vw, 300px\" \/><\/p>\n<p style=\"text-align: left;\"><span style=\"font-size: 16px;\">Ngoi Nha Duc in Da Nang ist offizieller Vertragspartner des Goethe Instituts Vietnam. Wir werben f\u00fcr Deutsch in Mittelvietnam.<\/span><\/p>\n<p style=\"text-align: left;\"><span style=\"font-size: 16px;\">Als Pr\u00fcfungszentrum des Goethe-Netzwerkes nimmt Ngoi Nha Duc Da Nang jeden Monat die internationalen Deutschpr\u00fcfungen des Goethe Instituts ab. Wir f\u00fchren regelm\u00e4\u00dfig Pr\u00fcfungen auf den Stufen A1-B2 durch.<\/span><\/p>\n<p style=\"text-align: left;\"><span style=\"font-size: 16px;\">Die Pr\u00fcfungen des Goethe-Instituts folgen dem GER (A1-C2). Die Goethe-Zertifikate f\u00fcr Deutsch sind international anerkannt und weltweit g\u00fcltig. Sie sind in vielen F\u00e4llen Voraussetzung f\u00fcr die Erteilung eines Visums f\u00fcr Deutschland, wie f\u00fcr den Familiennachzug (A1), f\u00fcr die Vorbereitung auf ein Studium\/Studienkolleg in Deutschland (B1), f\u00fcr die T\u00e4tigkeit als Au Pair (A2) oder f\u00fcr die Arbeitsaufnahme als Fachkraft in Deutschland (B2) oder eine berufliche Ausbildung in Deutschland (B1-B2).<\/span><\/p>\n<p style=\"text-align: center;\"><strong>DER VERLAG HUEBER<\/strong><\/p>\n<p style=\"text-align: center;\"><img loading=\"lazy\" decoding=\"async\" class=\"alignnone wp-image-796 size-medium\" src=\"https:\/\/ngoinhaducindanang.com.vn\/wp-content\/uploads\/2016\/10\/Hueber-1-300x108.jpg\" width=\"300\" height=\"108\" srcset=\"https:\/\/ngoinhaducindanang.com.vn\/wp-content\/uploads\/2016\/10\/Hueber-1-300x108.jpg 300w, https:\/\/ngoinhaducindanang.com.vn\/wp-content\/uploads\/2016\/10\/Hueber-1.jpg 696w\" sizes=\"(max-width: 300px) 100vw, 300px\" \/><\/p>\n<p style=\"text-align: left;\"><span style=\"font-size: 16px;\">Der Verlag Hueber in Deutschland ist seit langem unser verl\u00e4sslicher Partner in Sachen Lehrwerke und Lehr- und Lernmaterialien f\u00fcr Deutsch. Wir arbeiten mit Hueber Originallehrwerken und Materialien in allen unseren Kursen. Ob SCHRITTE f\u00fcr die Nullanf\u00e4nger oder MENSCHEN f\u00fcr alle Lerner von A1-B1 oder SICHER f\u00fcr die Fortgeschrittenen \u2013 Lehrer und Lerner sch\u00e4tzen die Qualit\u00e4t der Lehrwerke, die Vielfalt der in ihnen enthaltenen Materialien und Medien und freuen sich mit jedem neuen Kurs \u00fcber jedes neue Originalbuch, dass sie kostenlos zur Verf\u00fcgung gestellt bekommen. Wir danken dem HUEBER VERLAG f\u00fcr die immerw\u00e4hrende wohlwollende Unterst\u00fctzung.<\/span><\/p>\n<\/div>\n","protected":false},"excerpt":{"rendered":"","protected":false},"author":1,"featured_media":477,"parent":203,"menu_order":6,"comment_status":"closed","ping_status":"closed","template":"","meta":{"footnotes":""},"_links":{"self":[{"href":"https:\/\/ngoinhaducindanang.com.vn\/de\/wp-json\/wp\/v2\/pages\/263"}],"collection":[{"href":"https:\/\/ngoinhaducindanang.com.vn\/de\/wp-json\/wp\/v2\/pages"}],"about":[{"href":"https:\/\/ngoinhaducindanang.com.vn\/de\/wp-json\/wp\/v2\/types\/page"}],"author":[{"embeddable":true,"href":"https:\/\/ngoinhaducindanang.com.vn\/de\/wp-json\/wp\/v2\/users\/1"}],"replies":[{"embeddable":true,"href":"https:\/\/ngoinhaducindanang.com.vn\/de\/wp-json\/wp\/v2\/comments?post=263"}],"version-history":[{"count":11,"href":"https:\/\/ngoinhaducindanang.com.vn\/de\/wp-json\/wp\/v2\/pages\/263\/revisions"}],"predecessor-version":[{"id":19569,"href":"https:\/\/ngoinhaducindanang.com.vn\/de\/wp-json\/wp\/v2\/pages\/263\/revisions\/19569"}],"up":[{"embeddable":true,"href":"https:\/\/ngoinhaducindanang.com.vn\/de\/wp-json\/wp\/v2\/pages\/203"}],"wp:featuredmedia":[{"embeddable":true,"href":"https:\/\/ngoinhaducindanang.com.vn\/de\/wp-json\/wp\/v2\/media\/477"}],"wp:attachment":[{"href":"https:\/\/ngoinhaducindanang.com.vn\/de\/wp-json\/wp\/v2\/media?parent=263"}],"curies":[{"name":"wp","href":"https:\/\/api.w.org\/{rel}","templated":true}]}}