{"id":261,"date":"2016-11-01T23:19:49","date_gmt":"2016-11-01T16:19:49","guid":{"rendered":"http:\/\/localhost\/germancenter\/de\/?page_id=261"},"modified":"2018-11-09T22:55:31","modified_gmt":"2018-11-09T15:55:31","slug":"goethe-zertifikate","status":"publish","type":"page","link":"https:\/\/ngoinhaducindanang.com.vn\/de\/informationen\/goethe-zertifikate\/","title":{"rendered":"Goethe-Zertifikate"},"content":{"rendered":"<div class=\"block-content\">\n<p style=\"text-align: left;\"><span style=\"font-size: 14px;\"><span style=\"font-size: 32px;\">W<\/span><span style=\"font-size: 16px;\">enn Sie bei uns eine Deutschpr\u00fcfung ablegen m\u00f6chten, k\u00f6nnen Sie sicher sein, dass Sie ein weltweit anerkanntes einheitliches Pr\u00fcfungsformat vorfinden und im Fall des Bestehens international g\u00fcltige Zertifikate erhalten.<\/span><\/span><\/p>\n<p style=\"text-align: left;\"><span style=\"font-size: 16px;\">Die Deutschpr\u00fcfungen im Ngoi Nha Duc sind Originalpr\u00fcfungen des Goethe-Instituts. Die Pr\u00fcfungsteilnehmer werden in Da Nang und am Goethe-Institut Hanoi registriert. Die Pr\u00fcfungsunterlagen der Kandidaten werden nach Abschluss der Pr\u00fcfung am Goethe-Institut Hanoi archiviert.<\/span><\/p>\n<p style=\"text-align: left;\"><span style=\"font-size: 16px;\">Die Pr\u00fcfungszertifikate, die die Teilnehmer nach bestandener Pr\u00fcfung im Ngoi Nha Duc in Da Nang bekommen, sind Originalzertifikate des Goethe-Instituts und werden vom Goethe-Institut Hanoi ausgestellt. Sie werden den erfolgreichen Kandidaten in Da Nang pers\u00f6nlich \u00fcberreicht oder per Post zugesandt.<\/span><\/p>\n<p style=\"text-align: left;\"><span style=\"font-size: 16px;\">In Vietnam kann man die Deutschpr\u00fcfungen des Goethe-Instituts im Goethe-Institut Hanoi, im Goethe-Institut HCMC und im Deutschen Sprachzentrum Ngoi Nha Duc Da Nang ablegen. Die Goethe-Pr\u00fcfungen sind weltweit einheitlich und garantieren h\u00f6chsten Pr\u00fcfungsstandard. Die Pr\u00fcfungsmaterialien werden von der Goethe-Zentrale in Deutschland erstellt, kontrolliert und st\u00e4ndig aktualisiert. Goethe-Zertifikate sind international anerkannt und weltweit g\u00fcltig. In Vietnam sind sie vielfach eine Voraussetzung f\u00fcr ein Visum f\u00fcr Deutschland,\u00a0 z. B. zum Familiennachzug (StartDeutsch1), zur T\u00e4tigkeit als Au Pair (A2) zur Studienvorbereitung (B1), zur beruflichen Aus- und Weiterbildung (B1-B2) oder zur direkten Arbeitsaufnahme als Fachkraft in Deutschland (B2).<\/span><\/p>\n<\/div>\n","protected":false},"excerpt":{"rendered":"","protected":false},"author":1,"featured_media":380,"parent":203,"menu_order":5,"comment_status":"closed","ping_status":"closed","template":"","meta":{"footnotes":""},"_links":{"self":[{"href":"https:\/\/ngoinhaducindanang.com.vn\/de\/wp-json\/wp\/v2\/pages\/261"}],"collection":[{"href":"https:\/\/ngoinhaducindanang.com.vn\/de\/wp-json\/wp\/v2\/pages"}],"about":[{"href":"https:\/\/ngoinhaducindanang.com.vn\/de\/wp-json\/wp\/v2\/types\/page"}],"author":[{"embeddable":true,"href":"https:\/\/ngoinhaducindanang.com.vn\/de\/wp-json\/wp\/v2\/users\/1"}],"replies":[{"embeddable":true,"href":"https:\/\/ngoinhaducindanang.com.vn\/de\/wp-json\/wp\/v2\/comments?post=261"}],"version-history":[{"count":5,"href":"https:\/\/ngoinhaducindanang.com.vn\/de\/wp-json\/wp\/v2\/pages\/261\/revisions"}],"predecessor-version":[{"id":6715,"href":"https:\/\/ngoinhaducindanang.com.vn\/de\/wp-json\/wp\/v2\/pages\/261\/revisions\/6715"}],"up":[{"embeddable":true,"href":"https:\/\/ngoinhaducindanang.com.vn\/de\/wp-json\/wp\/v2\/pages\/203"}],"wp:featuredmedia":[{"embeddable":true,"href":"https:\/\/ngoinhaducindanang.com.vn\/de\/wp-json\/wp\/v2\/media\/380"}],"wp:attachment":[{"href":"https:\/\/ngoinhaducindanang.com.vn\/de\/wp-json\/wp\/v2\/media?parent=261"}],"curies":[{"name":"wp","href":"https:\/\/api.w.org\/{rel}","templated":true}]}}