{"id":242,"date":"2016-10-29T15:56:39","date_gmt":"2016-10-29T15:56:39","guid":{"rendered":"http:\/\/localhost\/germancenter\/de\/informationen\/gioi-thieu-da-nang\/"},"modified":"2018-11-09T22:51:58","modified_gmt":"2018-11-09T15:51:58","slug":"ueber-da-nang","status":"publish","type":"page","link":"https:\/\/ngoinhaducindanang.com.vn\/de\/informationen\/ueber-da-nang\/","title":{"rendered":"\u00dcber Da Nang"},"content":{"rendered":"<p><span style=\"font-size: 32px;\">D<\/span>a Nang ist mit knapp 1,5 Millionen Einwohnern die viertgr\u00f6\u00dfte Stadt Vietnams und zugleich das politische und wirtschaftliche Zentrum Mittelvietnams. Da Nang ist die Stadt mit dem h\u00f6chsten Entwicklungstempo in den letzten 5 Jahren und verf\u00fcgt mit dem internationalen Flughafen, dem Tiefseehafen und kilometerlangen Str\u00e4nden sowie den Bergen im Hinterland \u00fcber ein enormes Potential f\u00fcr Tourismus, Handel und Wirtschaft wie keine andere Stadt in Mittelvietnam.<\/p>\n<p><iframe loading=\"lazy\" src=\"https:\/\/www.youtube.com\/embed\/o1INttWSy_A\" width=\"730\" height=\"515\" frameborder=\"0\" allowfullscreen=\"allowfullscreen\"><\/iframe><\/p>\n","protected":false},"excerpt":{"rendered":"<p>Da Nang ist mit knapp 1,5 Millionen Einwohnern die viertgr\u00f6\u00dfte Stadt Vietnams und zugleich das politische und wirtschaftliche Zentrum Mittelvietnams. Da Nang ist die Stadt &hellip; <a href=\"https:\/\/ngoinhaducindanang.com.vn\/de\/informationen\/ueber-da-nang\/\">Continued<\/a><\/p>\n","protected":false},"author":1,"featured_media":90,"parent":203,"menu_order":1,"comment_status":"closed","ping_status":"closed","template":"","meta":{"footnotes":""},"_links":{"self":[{"href":"https:\/\/ngoinhaducindanang.com.vn\/de\/wp-json\/wp\/v2\/pages\/242"}],"collection":[{"href":"https:\/\/ngoinhaducindanang.com.vn\/de\/wp-json\/wp\/v2\/pages"}],"about":[{"href":"https:\/\/ngoinhaducindanang.com.vn\/de\/wp-json\/wp\/v2\/types\/page"}],"author":[{"embeddable":true,"href":"https:\/\/ngoinhaducindanang.com.vn\/de\/wp-json\/wp\/v2\/users\/1"}],"replies":[{"embeddable":true,"href":"https:\/\/ngoinhaducindanang.com.vn\/de\/wp-json\/wp\/v2\/comments?post=242"}],"version-history":[{"count":5,"href":"https:\/\/ngoinhaducindanang.com.vn\/de\/wp-json\/wp\/v2\/pages\/242\/revisions"}],"predecessor-version":[{"id":6710,"href":"https:\/\/ngoinhaducindanang.com.vn\/de\/wp-json\/wp\/v2\/pages\/242\/revisions\/6710"}],"up":[{"embeddable":true,"href":"https:\/\/ngoinhaducindanang.com.vn\/de\/wp-json\/wp\/v2\/pages\/203"}],"wp:featuredmedia":[{"embeddable":true,"href":"https:\/\/ngoinhaducindanang.com.vn\/de\/wp-json\/wp\/v2\/media\/90"}],"wp:attachment":[{"href":"https:\/\/ngoinhaducindanang.com.vn\/de\/wp-json\/wp\/v2\/media?parent=242"}],"curies":[{"name":"wp","href":"https:\/\/api.w.org\/{rel}","templated":true}]}}