{"id":239,"date":"2016-10-29T15:57:08","date_gmt":"2016-10-29T15:57:08","guid":{"rendered":"http:\/\/localhost\/germancenter\/de\/informationen\/phuong-phap-giang-day\/"},"modified":"2024-04-22T17:41:49","modified_gmt":"2024-04-22T10:41:49","slug":"unterrichtsmethode","status":"publish","type":"page","link":"https:\/\/ngoinhaducindanang.com.vn\/de\/informationen\/unterrichtsmethode\/","title":{"rendered":"Unterrichtsmethode"},"content":{"rendered":"<div class=\"block-content\">\n<p style=\"text-align: left;\"><span style=\"font-size: 14px;\"><span style=\"font-size: 32px;\">D<\/span><span style=\"font-size: 16px;\">ie Unterrichtssprache in unseren Kursen ist von Anfang an Deutsch. In optimalen Lerngruppen ist der Unterricht ideal auf die Bed\u00fcrfnisse der Lerner abgestimmt. Wir schulen alle vier Fertigkeiten in jeder Stunde: H\u00f6ren, Sprechen, Lesen, Schreiben. Phonetik und Grammatik sowie deutsche Landeskunde mit aktuellen Informationen sind integriert in den Unterricht, die Lerner werden weitgehend zum selbstentdeckenden Lernen angeleitet. Wir unterrichten ausschlie\u00dflich mit modernen Originalmaterialien deutscher Verlage wie Schritte plus, Menschen (Hueber Verlag) u. a. Die farbigen Lehrwerke enthalten CDs, DVDs und Online-Materialien zum Wiederholen und zus\u00e4tzlichen \u00dcben f\u00fcr jeden Lerner.<\/span><br \/>\n<\/span><\/p>\n<\/div>\n","protected":false},"excerpt":{"rendered":"","protected":false},"author":1,"featured_media":398,"parent":203,"menu_order":2,"comment_status":"closed","ping_status":"closed","template":"","meta":{"footnotes":""},"_links":{"self":[{"href":"https:\/\/ngoinhaducindanang.com.vn\/de\/wp-json\/wp\/v2\/pages\/239"}],"collection":[{"href":"https:\/\/ngoinhaducindanang.com.vn\/de\/wp-json\/wp\/v2\/pages"}],"about":[{"href":"https:\/\/ngoinhaducindanang.com.vn\/de\/wp-json\/wp\/v2\/types\/page"}],"author":[{"embeddable":true,"href":"https:\/\/ngoinhaducindanang.com.vn\/de\/wp-json\/wp\/v2\/users\/1"}],"replies":[{"embeddable":true,"href":"https:\/\/ngoinhaducindanang.com.vn\/de\/wp-json\/wp\/v2\/comments?post=239"}],"version-history":[{"count":10,"href":"https:\/\/ngoinhaducindanang.com.vn\/de\/wp-json\/wp\/v2\/pages\/239\/revisions"}],"predecessor-version":[{"id":19560,"href":"https:\/\/ngoinhaducindanang.com.vn\/de\/wp-json\/wp\/v2\/pages\/239\/revisions\/19560"}],"up":[{"embeddable":true,"href":"https:\/\/ngoinhaducindanang.com.vn\/de\/wp-json\/wp\/v2\/pages\/203"}],"wp:featuredmedia":[{"embeddable":true,"href":"https:\/\/ngoinhaducindanang.com.vn\/de\/wp-json\/wp\/v2\/media\/398"}],"wp:attachment":[{"href":"https:\/\/ngoinhaducindanang.com.vn\/de\/wp-json\/wp\/v2\/media?parent=239"}],"curies":[{"name":"wp","href":"https:\/\/api.w.org\/{rel}","templated":true}]}}