{"id":207,"date":"2016-10-29T16:08:03","date_gmt":"2016-10-29T16:08:03","guid":{"rendered":"http:\/\/localhost\/germancenter\/de\/lich-thi\/"},"modified":"2026-03-11T16:05:00","modified_gmt":"2026-03-11T09:05:00","slug":"pruefungen","status":"publish","type":"page","link":"https:\/\/ngoinhaducindanang.com.vn\/de\/pruefungen\/","title":{"rendered":"Pr\u00fcfungen"},"content":{"rendered":"<div class=\"block-table table-responsive \" id=\"\">\r\n\t\n<table style=\"width: 823px;\">\n<tbody>\n<tr style=\"height: 46px;\">\n<td style=\"width: 778px; height: 46px;\" colspan=\"3\">\n<h2 style=\"text-align: center;\"><span style=\"font-size: 16px;\">DEUTSCHPR\u00dcFUNGEN<\/span><\/h2>\n<\/td>\n<\/tr>\n<tr style=\"height: 278px;\">\n<td style=\"width: 451px; border-bottom: 1px solid #555555; height: 278px;\" colspan=\"2\"><span style=\"font-size: 14px;\"><img loading=\"lazy\" decoding=\"async\" class=\"aligncenter wp-image-532\" src=\"https:\/\/ngoinhaducindanang.com.vn\/wp-content\/uploads\/2016\/11\/GI_Pruefungszentrum_green_sRGB_2-e1480662784550-300x226.png\" width=\"220\" height=\"165\" srcset=\"https:\/\/ngoinhaducindanang.com.vn\/wp-content\/uploads\/2016\/11\/GI_Pruefungszentrum_green_sRGB_2-e1480662784550-300x226.png 300w, https:\/\/ngoinhaducindanang.com.vn\/wp-content\/uploads\/2016\/11\/GI_Pruefungszentrum_green_sRGB_2-e1480662784550.png 662w\" sizes=\"(max-width: 220px) 100vw, 220px\" \/><\/span>\n<ul style=\"padding-left: 20px;\">\n<li><span style=\"font-size: 14px;\">Ngoi Nha Duc bietet jeden Monat Pr\u00fcfungen f\u00fcr alle Stufen von A1-C1 an. Die Pr\u00fcfungspl\u00e4tze sind begrenzt. Die Anmeldung zur Pr\u00fcfung <strong>ist nur per Link\u00a0<\/strong>und <strong>nur ab dem jeweils angegebenen Anmeldebeginn m\u00f6glich.<\/strong><\/span><\/li>\n<li><strong><a href=\"https:\/\/ngoinhaducindanang.com.vn\/wp-content\/uploads\/2020\/10\/Datenschutzhinweise_PKP.pdf\">Datenschutzerkl\u00e4rung<\/a><\/strong><\/li>\n<li><strong><a href=\"https:\/\/drive.google.com\/file\/d\/1AuYdrVjuZck9iJVwlwusmhp8G9Ld1yB7\/view?usp=drive_link\">Pr\u00fcfungsordnung<\/a> und <a href=\"https:\/\/www.goethe.de\/ins\/vn\/de\/sta\/han\/prf.html\">Durchf\u00fchrungsbestimmungen A1-C1<\/a><\/strong><\/li>\n<li><a href=\"https:\/\/drive.google.com\/file\/d\/1Eq3jupthxxzSHNDOnEdXZaCgvG9cmrQf\/view?usp=drive_link\"><strong>Wie melde ich mich \u00fcber den Link an?<\/strong><\/a><\/li>\n<li><a href=\"https:\/\/drive.google.com\/file\/d\/1_XbiHv3h7qNjWj3bzuFjilPs4wQMRLxk\/view?usp=drive_link\"><strong>Pr\u00fcfungsgeb\u00fchren<\/strong><\/a><\/li>\n<li><a href=\"https:\/\/www.goethe.de\/ins\/vn\/vi\/spr\/kon\/stu.html\" target=\"_blank\" rel=\"noopener noreferrer\"><strong>Was muss ich k\u00f6nnen?<\/strong><\/a><\/li>\n<\/ul>\n<\/td>\n<td style=\"width: 327px; border-bottom: 1px solid #555555; height: 278px;\"><span style=\"font-size: 14px;\"><img loading=\"lazy\" decoding=\"async\" class=\"aligncenter size-full wp-image-669\" src=\"https:\/\/ngoinhaducindanang.com.vn\/wp-content\/uploads\/2016\/10\/nut-dang-ky.jpg\" alt=\"nut-dang-ky\" width=\"200\" height=\"147\" \/><\/span>\n<p style=\"text-align: center;\"><a class='btn-link' target='_blank' href='https:\/\/ngoinhaducindanang.com.vn\/de\/anmeldung\/formular-zur-pruefungsanmeldung\/'>ANMELDUNG<\/a>\n<\/td>\n<\/tr>\n<tr style=\"height: 25px;\">\n<td style=\"width: 154px; text-align: center; background-color: #bcbdc0; border: 1px solid #555555; height: 25px;\"><span style=\"font-size: 14px;\"><b>Monat<\/b><\/span><\/td>\n<td style=\"width: 297px; text-align: center; background-color: #bcbdc0; border: 1px solid #555555; height: 25px;\"><span lang=\"DE\"><span style=\"font-size: 14px;\"><b>Anmeldung jeweils um 8.00 an folgenden Tagen<\/b><\/span><\/span><\/td>\n<td style=\"width: 327px; background-color: #bcbdc0; border: 1px solid #555555; height: 25px; text-align: center;\"><span lang=\"DE\"><br \/>\u00a0<span style=\"font-size: 14px;\"><strong>Pr\u00fcfungstermin<\/strong><\/span><\/span><\/td>\n<\/tr>\n<tr style=\"height: 27px;\">\n<td style=\"width: 154px; text-align: center; height: 27px;\"><span style=\"font-size: 14px; font-weight: 600;\">Januar 2026<\/span><\/td>\n<td style=\"width: 297px; text-align: center; height: 27px;\"><strong><span style=\"font-size: 16px;\">&#8211;<\/span><\/strong><\/td>\n<td style=\"width: 327px; height: 27px; text-align: center;\"><strong><span style=\"font-size: 16px;\">&#8211;<\/span><\/strong><\/td>\n<\/tr>\n<tr style=\"height: 27px;\">\n<td style=\"width: 154px; text-align: center; height: 27px;\"><span style=\"font-size: 14px;\"><b>Februar<\/b><\/span><\/td>\n<td style=\"width: 297px; text-align: center; height: 27px;\"><span style=\"font-size: 16px;\"><b>&#8211;<\/b><\/span><\/td>\n<td style=\"width: 327px; height: 27px; text-align: center;\"><strong><span style=\"font-size: 16px;\">&#8211;<\/span><\/strong><\/td>\n<\/tr>\n<tr style=\"height: 27px;\">\n<td style=\"width: 154px; text-align: center; height: 27px;\"><span style=\"font-size: 14px;\"><b>M\u00e4rz<\/b><\/span><\/td>\n<td style=\"width: 297px; text-align: center; height: 27px;\"><strong><span style=\"font-size: 16px;\">&#8211;<\/span><\/strong><\/td>\n<td style=\"width: 327px; height: 27px; text-align: center;\"><strong><span style=\"font-size: 16px;\">&#8211;<\/span><\/strong><\/td>\n<\/tr>\n<tr style=\"height: 27px;\">\n<td style=\"width: 154px; text-align: center; height: 27px;\"><span style=\"font-size: 14px;\"><b>April<\/b><\/span><\/td>\n<td style=\"width: 297px; text-align: center; height: 27px;\"><strong><span style=\"font-size: 16px;\">&#8211;<\/span><\/strong><\/td>\n<td style=\"width: 327px; height: 27px; text-align: center;\"><strong><span style=\"font-size: 16px;\">&#8211;<\/span><\/strong><\/td>\n<\/tr>\n<tr style=\"height: 27px;\">\n<td style=\"width: 154px; text-align: center; height: 27px;\"><span style=\"font-size: 14px;\"><b>Mai<\/b><\/span><\/td>\n<td style=\"width: 297px; text-align: center; height: 27px;\"><strong><span style=\"font-size: 16px;\">&#8211;<\/span><\/strong><\/td>\n<td style=\"width: 327px; height: 27px; text-align: center;\"><strong><span style=\"font-size: 16px;\">&#8211;<\/span><\/strong><\/td>\n<\/tr>\n<tr style=\"height: 29px;\">\n<td style=\"width: 154px; text-align: center; height: 29px;\"><span style=\"font-size: 14px;\"><b>Juni<\/b><\/span><\/td>\n<td style=\"width: 297px; text-align: center; height: 29px;\">&#8211;<\/td>\n<td style=\"width: 327px; text-align: center; height: 29px;\">&#8211;<\/td>\n<\/tr>\n<tr style=\"height: 27px;\">\n<td style=\"width: 154px; text-align: center; height: 27px;\"><span style=\"font-size: 14px;\"><b>Juli<\/b><\/span><\/td>\n<td style=\"width: 297px; text-align: center; height: 27px;\"><strong><span style=\"font-size: 16px;\">&#8211;<\/span><\/strong><\/td>\n<td style=\"width: 327px; text-align: center; height: 27px;\"><strong><span style=\"font-size: 16px;\">&#8211;<\/span><\/strong><\/td>\n<\/tr>\n<tr style=\"height: 27.625px;\">\n<td style=\"width: 154px; text-align: center; height: 27.625px;\"><span style=\"font-size: 14px;\"><b>August<\/b><\/span><\/td>\n<td style=\"width: 297px; text-align: center; height: 27.625px;\"><strong><span style=\"font-size: 16px;\">&#8211;<\/span><\/strong><\/td>\n<td style=\"width: 327px; text-align: center; height: 27.625px;\"><span style=\"font-size: 16px;\"><b>&#8211;<\/b><\/span><\/td>\n<\/tr>\n<tr style=\"height: 27px;\">\n<td style=\"width: 154px; text-align: center; height: 27px;\"><span style=\"font-size: 14px;\"><b>September<\/b><\/span><\/td>\n<td style=\"width: 297px; height: 27px; text-align: center;\"><strong><span style=\"font-size: 16px;\">&#8211;<\/span><\/strong><\/td>\n<td style=\"width: 327px; height: 27px; text-align: center;\"><strong><span style=\"font-size: 16px;\">&#8211;<\/span><\/strong><\/td>\n<\/tr>\n<tr style=\"height: 27px;\">\n<td style=\"width: 154px; text-align: center; height: 27px;\"><span style=\"font-size: 14px;\"><b>Oktober<\/b><\/span><\/td>\n<td style=\"width: 297px; height: 27px; text-align: center;\"><strong><span style=\"font-size: 16px;\">&#8211;<\/span><\/strong><\/td>\n<td style=\"width: 327px; height: 27px; text-align: center;\"><strong><span style=\"font-size: 16px;\">&#8211;<\/span><\/strong><\/td>\n<\/tr>\n<tr style=\"height: 27px;\">\n<td style=\"width: 154px; text-align: center; height: 27px;\"><span style=\"font-size: 14px;\"><b>November<\/b><\/span><\/td>\n<td style=\"width: 297px; height: 27px; text-align: center;\"><strong><span style=\"font-size: 16px;\">&#8211;<\/span><\/strong><\/td>\n<td style=\"width: 327px; height: 27px; text-align: center;\"><strong><span style=\"font-size: 16px;\">&#8211;<\/span><\/strong><\/td>\n<\/tr>\n<tr style=\"height: 27px;\">\n<td style=\"width: 154px; text-align: center; height: 27px;\"><span style=\"font-size: 14px;\"><b>Dezember<\/b><\/span><\/td>\n<td style=\"width: 297px; height: 27px; text-align: center;\"><strong><span style=\"font-size: 16px;\">&#8211;<\/span><\/strong><\/td>\n<td style=\"width: 327px; height: 27px; text-align: center;\"><strong><span style=\"font-size: 16px;\">&#8211;<\/span><\/strong><\/td>\n<\/tr>\n<\/tbody>\n<\/table>\n<\/div>\r\n\r\n\n\n\n<p><\/p>\n","protected":false},"excerpt":{"rendered":"","protected":false},"author":1,"featured_media":390,"parent":0,"menu_order":0,"comment_status":"closed","ping_status":"closed","template":"","meta":{"footnotes":""},"_links":{"self":[{"href":"https:\/\/ngoinhaducindanang.com.vn\/de\/wp-json\/wp\/v2\/pages\/207"}],"collection":[{"href":"https:\/\/ngoinhaducindanang.com.vn\/de\/wp-json\/wp\/v2\/pages"}],"about":[{"href":"https:\/\/ngoinhaducindanang.com.vn\/de\/wp-json\/wp\/v2\/types\/page"}],"author":[{"embeddable":true,"href":"https:\/\/ngoinhaducindanang.com.vn\/de\/wp-json\/wp\/v2\/users\/1"}],"replies":[{"embeddable":true,"href":"https:\/\/ngoinhaducindanang.com.vn\/de\/wp-json\/wp\/v2\/comments?post=207"}],"version-history":[{"count":11,"href":"https:\/\/ngoinhaducindanang.com.vn\/de\/wp-json\/wp\/v2\/pages\/207\/revisions"}],"predecessor-version":[{"id":21235,"href":"https:\/\/ngoinhaducindanang.com.vn\/de\/wp-json\/wp\/v2\/pages\/207\/revisions\/21235"}],"wp:featuredmedia":[{"embeddable":true,"href":"https:\/\/ngoinhaducindanang.com.vn\/de\/wp-json\/wp\/v2\/media\/390"}],"wp:attachment":[{"href":"https:\/\/ngoinhaducindanang.com.vn\/de\/wp-json\/wp\/v2\/media?parent=207"}],"curies":[{"name":"wp","href":"https:\/\/api.w.org\/{rel}","templated":true}]}}