{"id":205,"date":"2016-10-29T16:07:42","date_gmt":"2016-10-29T16:07:42","guid":{"rendered":"http:\/\/localhost\/germancenter\/de\/lich-hoc\/"},"modified":"2026-02-09T12:25:35","modified_gmt":"2026-02-09T05:25:35","slug":"kurse","status":"publish","type":"page","link":"https:\/\/ngoinhaducindanang.com.vn\/de\/kurse\/","title":{"rendered":"Kurse"},"content":{"rendered":"<div class=\"block-table table-responsive \" id=\"\">\r\n\t\n<table style=\"width: 756px;\">\n<tbody>\n<tr style=\"height: 27px;\">\n<td style=\"width: 691px; height: 27px; text-align: center;\" colspan=\"5\">\n<h2><span style=\"font-size: 16px;\">DEUTSCHKURSE<\/span><\/h2>\n<\/td>\n<\/tr>\n<tr style=\"height: 26px;\">\n<td style=\"width: 499px; height: 26px; border-bottom-width: 1px; border-bottom-style: solid; border-bottom-color: #333333;\" colspan=\"3\">\n<ul>\n<li>Unsere Kurse orientieren sich am GER<\/li>\n<li>Professionell ausgebildete, pr\u00fcfungserfahrene Lehrkr\u00e4fte\u00a0<\/li>\n<li>Kostenlose Originallehrwerke<\/li>\n<li>Klassenr\u00e4ume mit moderner Ausstattung<\/li>\n<\/ul>\n<\/td>\n<td style=\"width: 192px; height: 26px; text-align: center; border-bottom-width: 1px; border-bottom-style: solid; border-bottom-color: #333333;\" colspan=\"2\"><span style=\"font-size: 16px;\"><span style=\"font-size: 16px;\"><strong>\u00a0<\/strong><\/span><\/span><span style=\"font-size: 16px;\"><img loading=\"lazy\" decoding=\"async\" class=\"aligncenter wp-image-740 size-full\" src=\"https:\/\/ngoinhaducindanang.com.vn\/wp-content\/uploads\/2016\/10\/dang-ky-hoc.png\" width=\"159\" height=\"80\" \/><\/span>\n<a class='btn-link' target='_blank' href='https:\/\/ngoinhaducindanang.com.vn\/de\/anmeldung\/formular-zur-einschreibung\/'>Anmeldung<\/a>\n<p><strong>\u00a0<\/strong><\/p>\n<\/td>\n<\/tr>\n<tr style=\"height: 27px;\">\n<td style=\"width: 144px; height: 27px; text-align: center; padding-left: 0px; padding-right: 0px; border: 1px solid #333333; background-color: #bcbdc0;\"><span style=\"font-size: 14px;\"><strong> KURS<\/strong><\/span><\/td>\n<td style=\"width: 355px; height: 27px; text-align: center; padding-left: 0px; padding-right: 0px; border: 1px solid #333333; background-color: #bcbdc0;\" colspan=\"2\"><span style=\"font-size: 14px;\"><strong>\u00a0\u00a0TERMINE<\/strong><\/span><\/td>\n<td style=\"width: 78.84375px; height: 27px; text-align: center; padding-left: 0px; padding-right: 0px; border: 1px solid #333333; background-color: #bcbdc0;\"><strong>Umfang (Wochen)<\/strong><\/td>\n<td style=\"width: 113.15625px; height: 27px; text-align: center; padding-left: 0px; padding-right: 0px; border: 1px solid #333333; background-color: #bcbdc0;\">\u00a0<\/td>\n<\/tr>\n<tr style=\"height: 21px;\">\n<td style=\"width: 144px; height: 21px; text-align: center;\"><span style=\"font-size: 14px;\">\u00a0<strong>A1<\/strong><\/span><\/td>\n<td style=\"width: 147px; height: 91.6667px; text-align: center;\" rowspan=\"4\"><span style=\"font-size: 14px;\">\u00a0Mo., Di., Mi., Do., Fr.<\/span><\/td>\n<td style=\"width: 208px; height: 91.6667px; text-align: center;\" rowspan=\"4\"><span style=\"font-size: 14px;\">8.00 \u2013 11.30 Uhr<\/span><\/td>\n<td style=\"width: 78.84375px; height: 21px; text-align: center;\">8<\/td>\n<td style=\"width: 113.156px; height: 64.6667px; text-align: center;\" rowspan=\"3\">\u00a0<\/td>\n<\/tr>\n<tr style=\"height: 27.6667px;\">\n<td style=\"width: 144px; height: 27.6667px; text-align: center;\"><span style=\"font-size: 14px;\">\u00a0<strong>A2<\/strong><\/span><\/td>\n<td style=\"width: 78.8438px; height: 27.6667px; text-align: center;\">8<\/td>\n<\/tr>\n<tr style=\"height: 16px;\">\n<td style=\"width: 144px; height: 16px; text-align: center;\"><span style=\"font-size: 14px;\">\u00a0<strong>B1<\/strong><\/span><\/td>\n<td style=\"width: 78.8438px; height: 16px; text-align: center;\">8<\/td>\n<\/tr>\n<tr style=\"height: 27px;\">\n<td style=\"width: 144px; height: 27px; text-align: center;\"><span style=\"font-size: 14px;\"> <strong>B2.1\/B2.2\/B2.3<\/strong><\/span><\/td>\n<td style=\"width: 78.84375px; height: 27px; text-align: center;\">4<\/td>\n<td style=\"width: 113.15625px; height: 27px; text-align: center;\">\u00a0<\/td>\n<\/tr>\n<tr style=\"height: 27px;\">\n<td style=\"width: 144px; height: 27px; text-align: center;\"><strong><span style=\"font-size: 14px;\"> Pr\u00fcfungstraining A1\/A2<\/span><\/strong><\/td>\n<td style=\"width: 147px; height: 27px; text-align: center;\">\u00a0<\/td>\n<td style=\"width: 208px; height: 27px; text-align: center;\"><span style=\"font-size: 14px;\">Wir bieten jeden Monat Pr\u00fcfungstraining f\u00fcr alle Stufen an (2 bis 3 Wochen vor den Pr\u00fcfungen).<br \/><\/span><\/td>\n<td style=\"width: 78.84375px; height: 27px; text-align: center;\">\n<p>25 UE\/<br \/>30 UE<\/p>\n<\/td>\n<td style=\"width: 113.15625px; height: 27px; text-align: center;\">\u00a0<\/td>\n<\/tr>\n<tr style=\"height: 36px;\">\n<td style=\"width: 144px; height: 36px; text-align: center;\"><strong><span style=\"font-size: 14px;\"> Pr\u00fcfungstraining B1\/B2<\/span><\/strong><\/td>\n<td style=\"width: 147px; height: 36px; text-align: center;\">\u00a0<\/td>\n<td style=\"width: 208px; height: 36px; text-align: center;\">4 Module, aber auch einzelne Module<\/td>\n<td style=\"width: 78.84375px; height: 36px; text-align: center;\">48 UE<\/td>\n<td style=\"width: 113.15625px; height: 36px; text-align: center;\">\u00a0<\/td>\n<\/tr>\n<tr style=\"height: 5px;\">\n<td style=\"width: 144px; height: 5px; text-align: center;\"><span style=\"font-size: 14px;\"><strong>A1.1<\/strong><\/span><\/td>\n<td style=\"width: 147px; height: 165px; text-align: center;\" rowspan=\"8\"><span style=\"font-size: 14px;\">Mo., Mi., Fr. oder<\/span><br \/><span style=\"font-size: 14px;\"> Di., Do., Fr.<\/span><\/td>\n<td style=\"width: 208px; height: 165px; text-align: center;\" rowspan=\"8\"><span style=\"font-size: 14px;\">18.00 \u2013 20.45 Uhr<\/span><\/td>\n<td style=\"width: 78.84375px; height: 5px; text-align: center;\">8<\/td>\n<td style=\"width: 113.15625px; height: 165px; text-align: center;\" rowspan=\"8\">\u00a0<\/td>\n<\/tr>\n<tr style=\"height: 23px;\">\n<td style=\"width: 144px; height: 23px; text-align: center;\"><span style=\"font-size: 14px;\"><strong>A1.2<\/strong><\/span><\/td>\n<td style=\"width: 78.84375px; height: 23px; text-align: center;\">8<\/td>\n<\/tr>\n<tr style=\"height: 23px;\">\n<td style=\"width: 144px; height: 23px; text-align: center;\"><span style=\"font-size: 14px;\"><strong>A2.1<\/strong><\/span><\/td>\n<td style=\"width: 78.84375px; height: 23px; text-align: center;\">8<\/td>\n<\/tr>\n<tr style=\"height: 22px;\">\n<td style=\"width: 144px; height: 22px; text-align: center;\"><span style=\"font-size: 14px;\"><strong>A2.2<\/strong>\u00a0<\/span><\/td>\n<td style=\"width: 78.84375px; height: 22px; text-align: center;\">8<\/td>\n<\/tr>\n<tr style=\"height: 23px;\">\n<td style=\"width: 144px; height: 23px; text-align: center;\"><span style=\"font-size: 14px;\"><strong>B1.1<\/strong><\/span><\/td>\n<td style=\"width: 78.84375px; height: 23px; text-align: center;\">8<\/td>\n<\/tr>\n<tr style=\"height: 23px;\">\n<td style=\"width: 144px; height: 23px; text-align: center;\"><span style=\"font-size: 14px;\"><strong>B1.2<\/strong><\/span><\/td>\n<td style=\"width: 78.84375px; height: 23px; text-align: center;\">8<\/td>\n<\/tr>\n<tr style=\"height: 23px;\">\n<td style=\"width: 144px; height: 23px; text-align: center;\"><span style=\"font-size: 14px;\"><strong>B2.1\/B2.2\/B2.3<\/strong><\/span><\/td>\n<td style=\"width: 78.84375px; height: 23px; text-align: center;\">8<\/td>\n<\/tr>\n<tr style=\"height: 23px;\">\n<td style=\"width: 144px; height: 23px; text-align: center;\">\u00a0<\/td>\n<td style=\"width: 78.84375px; height: 23px; text-align: center;\">\u00a0<\/td>\n<\/tr>\n<\/tbody>\n<\/table>\n<\/div>\r\n\r\n\n\n\n<p>&nbsp;<\/p>\n","protected":false},"excerpt":{"rendered":"<p>&nbsp;<\/p>\n","protected":false},"author":1,"featured_media":427,"parent":0,"menu_order":0,"comment_status":"closed","ping_status":"closed","template":"","meta":{"footnotes":""},"_links":{"self":[{"href":"https:\/\/ngoinhaducindanang.com.vn\/de\/wp-json\/wp\/v2\/pages\/205"}],"collection":[{"href":"https:\/\/ngoinhaducindanang.com.vn\/de\/wp-json\/wp\/v2\/pages"}],"about":[{"href":"https:\/\/ngoinhaducindanang.com.vn\/de\/wp-json\/wp\/v2\/types\/page"}],"author":[{"embeddable":true,"href":"https:\/\/ngoinhaducindanang.com.vn\/de\/wp-json\/wp\/v2\/users\/1"}],"replies":[{"embeddable":true,"href":"https:\/\/ngoinhaducindanang.com.vn\/de\/wp-json\/wp\/v2\/comments?post=205"}],"version-history":[{"count":12,"href":"https:\/\/ngoinhaducindanang.com.vn\/de\/wp-json\/wp\/v2\/pages\/205\/revisions"}],"predecessor-version":[{"id":21171,"href":"https:\/\/ngoinhaducindanang.com.vn\/de\/wp-json\/wp\/v2\/pages\/205\/revisions\/21171"}],"wp:featuredmedia":[{"embeddable":true,"href":"https:\/\/ngoinhaducindanang.com.vn\/de\/wp-json\/wp\/v2\/media\/427"}],"wp:attachment":[{"href":"https:\/\/ngoinhaducindanang.com.vn\/de\/wp-json\/wp\/v2\/media?parent=205"}],"curies":[{"name":"wp","href":"https:\/\/api.w.org\/{rel}","templated":true}]}}