{"id":199,"date":"2016-10-29T15:56:06","date_gmt":"2016-10-29T15:56:06","guid":{"rendered":"http:\/\/localhost\/germancenter\/de\/ngoi-nha-duc\/"},"modified":"2025-08-18T15:14:34","modified_gmt":"2025-08-18T08:14:34","slug":"ueber-uns","status":"publish","type":"page","link":"https:\/\/ngoinhaducindanang.com.vn\/de\/informationen\/ueber-uns\/","title":{"rendered":"\u00dcber uns"},"content":{"rendered":"<div class=\"block-content\">\n<p style=\"text-align: left;\"><span style=\"font-size: 16px;\"><span style=\"font-size: 32px;\">N<\/span>goi Nha Duc in Da Nang ist <strong>das<\/strong> deutsche Sprachzentrum mit hochklassigem Angebot f\u00fcr Deutschlerner in Mittelvietnam, gegr\u00fcndet von Dr. Paul Weinig und Frau Duong Thi Dung. Unser Motto ist: Qualit\u00e4t geht vor Quantit\u00e4t und Seriosit\u00e4t hat Priorit\u00e4t.<\/span><\/p>\n<p style=\"text-align: left;\"><span style=\"font-size: 16px;\">Unser Angebot umfasst Deutschkurse auf allen Stufen des GER von A1-C2 f\u00fcr jung und alt. Als Kooperationspartner des Goethe-Instituts f\u00fchren wir als Pr\u00fcfungszentrum in Mittelvietnam regelm\u00e4ssig Deutschpr\u00fcfungen des Goethe-Instituts in Da Nang durch.<\/span><\/p>\n<p style=\"text-align: left;\"><span style=\"font-size: 16px;\">Gem\u00e4\u00df unserem Motto unterrichten bei uns nur gut ausgebildete Deutschlehrkr\u00e4fte mit modernen Sprachlehrmethoden und mit aktuellen Unterrichtsmaterialien im Original aus Deutschland.<\/span><\/p>\n<p style=\"text-align: left;\"><span style=\"font-size: 16px;\">Ngoi Nha Duc Da Nang liegt mitten im Herzen der Stadt in der Le Hong Phong Stra\u00dfe 31\/2, Hai Chau. Von uns sind Sie in 5 Minuten zu Fu\u00df an der sch\u00f6nen Bach-Dang-Promenade am Han-Fluss, an der Drachenbr\u00fccke oder im Champa-Museum. Und in 10 Minuten mit dem Moped befinden Sie sich schon am Meer Da Nang.<\/span><\/p>\n<\/div>\n","protected":false},"excerpt":{"rendered":"","protected":false},"author":1,"featured_media":388,"parent":203,"menu_order":0,"comment_status":"closed","ping_status":"closed","template":"","meta":{"footnotes":""},"_links":{"self":[{"href":"https:\/\/ngoinhaducindanang.com.vn\/de\/wp-json\/wp\/v2\/pages\/199"}],"collection":[{"href":"https:\/\/ngoinhaducindanang.com.vn\/de\/wp-json\/wp\/v2\/pages"}],"about":[{"href":"https:\/\/ngoinhaducindanang.com.vn\/de\/wp-json\/wp\/v2\/types\/page"}],"author":[{"embeddable":true,"href":"https:\/\/ngoinhaducindanang.com.vn\/de\/wp-json\/wp\/v2\/users\/1"}],"replies":[{"embeddable":true,"href":"https:\/\/ngoinhaducindanang.com.vn\/de\/wp-json\/wp\/v2\/comments?post=199"}],"version-history":[{"count":11,"href":"https:\/\/ngoinhaducindanang.com.vn\/de\/wp-json\/wp\/v2\/pages\/199\/revisions"}],"predecessor-version":[{"id":20810,"href":"https:\/\/ngoinhaducindanang.com.vn\/de\/wp-json\/wp\/v2\/pages\/199\/revisions\/20810"}],"up":[{"embeddable":true,"href":"https:\/\/ngoinhaducindanang.com.vn\/de\/wp-json\/wp\/v2\/pages\/203"}],"wp:featuredmedia":[{"embeddable":true,"href":"https:\/\/ngoinhaducindanang.com.vn\/de\/wp-json\/wp\/v2\/media\/388"}],"wp:attachment":[{"href":"https:\/\/ngoinhaducindanang.com.vn\/de\/wp-json\/wp\/v2\/media?parent=199"}],"curies":[{"name":"wp","href":"https:\/\/api.w.org\/{rel}","templated":true}]}}