{"id":194,"date":"2016-11-01T21:42:57","date_gmt":"2016-11-01T14:42:57","guid":{"rendered":"http:\/\/localhost\/germancenter\/de\/?page_id=194"},"modified":"2025-08-18T15:21:20","modified_gmt":"2025-08-18T08:21:20","slug":"kontakt","status":"publish","type":"page","link":"https:\/\/ngoinhaducindanang.com.vn\/de\/kontakt\/","title":{"rendered":"Kontakt"},"content":{"rendered":"<div class=\"contact-map\">\r\n\t\t\t\t<div class=\"container\">\r\n\t\t\t\t\n<iframe loading=\"lazy\" style=\"border: 0;\" src=\"https:\/\/www.google.com\/maps\/embed?pb=!1m18!1m12!1m3!1d1917.0171231660102!2d108.22020265790809!3d16.063712574704123!2m3!1f0!2f0!3f0!3m2!1i1024!2i768!4f13.1!3m3!1m2!1s0x0%3A0x0!2zMTbCsDAzJzQ5LjQiTiAxMDjCsDEzJzE2LjciRQ!5e0!3m2!1svi!2s!4v1466161870093\" width=\"800\" height=\"440\" frameborder=\"0\" allowfullscreen=\"allowfullscreen\"><\/iframe><br \/>\n\r\n\t\t\t\t<\/div>\r\n\t\t\t<\/div>\n<h2><span style=\"font-size: 24px;\"><strong>Deutsches Sprachzentrum Ngoi Nha Duc Da Nang<\/strong><\/span><\/h2>\n<p><span style=\"font-size: 24px;\">Trung t\u00e2m \u0110\u1ee9c ng\u1eef Ng\u00f4i Nh\u00e0 \u0110\u1ee9c<\/span><\/p>\n<p><span style=\"font-size: 14px;\">\u25cf <strong>Adresse<\/strong>: K31\/2 Le Hong Phong, Hai Chau, Da Nang \u00a0\u25cf <strong>Telefon<\/strong>: +84 (0236) 3565 783 \u00a0\u25cf <strong>Hotline<\/strong>: + 84 90428 1801 nachmittags<\/span><br \/>\n<span style=\"font-size: 14px;\"> \u25cf E-Mail (Einschreibung):<a href=\"mailto:ngoinhaducindanang@gmail.com\"> <span style=\"text-decoration: underline;\"><strong>ngoinhaducindanang@gmail.com<\/strong><\/span><\/a> \u00a0 \u25cf E-Mail (Pr\u00fcfungsanmeldung): <a href=\"mailto:dangkythidanang@gmail.com\"><span style=\"text-decoration: underline;\"><strong>dangkythidanang@gmail.com<\/strong><\/span><\/a><\/span><\/p>\n","protected":false},"excerpt":{"rendered":"<p>Deutsches Sprachzentrum Ngoi Nha Duc Da Nang Trung t\u00e2m \u0110\u1ee9c ng\u1eef Ng\u00f4i Nh\u00e0 \u0110\u1ee9c \u25cf Adresse: K31\/2 Le Hong Phong, Hai Chau, Da Nang \u00a0\u25cf &hellip; <a href=\"https:\/\/ngoinhaducindanang.com.vn\/de\/kontakt\/\">Continued<\/a><\/p>\n","protected":false},"author":1,"featured_media":0,"parent":0,"menu_order":0,"comment_status":"closed","ping_status":"closed","template":"","meta":{"footnotes":""},"_links":{"self":[{"href":"https:\/\/ngoinhaducindanang.com.vn\/de\/wp-json\/wp\/v2\/pages\/194"}],"collection":[{"href":"https:\/\/ngoinhaducindanang.com.vn\/de\/wp-json\/wp\/v2\/pages"}],"about":[{"href":"https:\/\/ngoinhaducindanang.com.vn\/de\/wp-json\/wp\/v2\/types\/page"}],"author":[{"embeddable":true,"href":"https:\/\/ngoinhaducindanang.com.vn\/de\/wp-json\/wp\/v2\/users\/1"}],"replies":[{"embeddable":true,"href":"https:\/\/ngoinhaducindanang.com.vn\/de\/wp-json\/wp\/v2\/comments?post=194"}],"version-history":[{"count":10,"href":"https:\/\/ngoinhaducindanang.com.vn\/de\/wp-json\/wp\/v2\/pages\/194\/revisions"}],"predecessor-version":[{"id":20814,"href":"https:\/\/ngoinhaducindanang.com.vn\/de\/wp-json\/wp\/v2\/pages\/194\/revisions\/20814"}],"wp:attachment":[{"href":"https:\/\/ngoinhaducindanang.com.vn\/de\/wp-json\/wp\/v2\/media?parent=194"}],"curies":[{"name":"wp","href":"https:\/\/api.w.org\/{rel}","templated":true}]}}